{"id":2,"date":"2016-05-10T03:48:21","date_gmt":"2016-05-10T03:48:21","guid":{"rendered":"http:\/\/lapeintureselonelios.fr\/?page_id=2"},"modified":"2022-05-19T07:47:43","modified_gmt":"2022-05-19T07:47:43","slug":"accueil","status":"publish","type":"page","link":"https:\/\/lapeintureselonelios.fr\/","title":{"rendered":"Accueil"},"content":{"rendered":"<div id='av_section_1'  class='avia-section main_color avia-section-default avia-no-border-styling  avia-bg-style-scroll  avia-builder-el-0  avia-builder-el-no-sibling   container_wrap fullsize' style=' '  ><div class='container' ><main  role=\"main\" itemprop=\"mainContentOfPage\"  class='template-page content  av-content-full alpha units'><div class='post-entry post-entry-type-page post-entry-2'><div class='entry-content-wrapper clearfix'>\n<div  style='padding-bottom:10px; color:#ff6600;' class='av-special-heading av-special-heading-h1 custom-color-heading blockquote elegant-quote elegant-centered  avia-builder-el-1  el_before_av_hr  avia-builder-el-first  '><h1 class='av-special-heading-tag '  itemprop=\"headline\"  ><span class=\"heading-wrap\">ELIOS<\/span><\/h1><div class ='av-subheading av-subheading_below av_custom_color ' style='font-size:15px;'><p>Artiste peintre<\/p>\n<\/div><div class='special-heading-border'><div class='special-heading-inner-border' style='border-color:#ff6600'><\/div><\/div><\/div>\n<div  style='height:30px' class='hr hr-invisible   avia-builder-el-2  el_after_av_heading  el_before_av_textblock '><span class='hr-inner ' ><span class='hr-inner-style'><\/span><\/span><\/div>\n<section class=\"av_textblock_section \"  itemscope=\"itemscope\" itemtype=\"https:\/\/schema.org\/CreativeWork\" ><div class='avia_textblock  '   itemprop=\"text\" ><p align=\"center\">Peintre aux mille facettes, Elios \u00e9volue ais\u00e9ment de sujets s\u00e9rieux religieux au cubisme et \u00e0 l&rsquo;abstrait.<\/p>\n<p align=\"center\">Sa technique vari\u00e9e (huile, collage, pastel) utilise une palette de couleurs \u00e9clatantes et chaudes \u00e0 la fois, souvent \u00e0 l&rsquo;\u00e9tat neutre.<\/p>\n<p align=\"center\">Ses courbes toujours vertigineuses intriguent l&rsquo;observateur et retiennent son attention.\u00a0Cette f\u00e9erie de lumi\u00e8res et de formes enchante notre \u00e2me.<\/p>\n<p align=\"center\"><b>Voici\u00a0\u00a0en exclusivit\u00e9 quelques unes de ses toiles les plus r\u00e9centes !<\/b><\/p>\n<\/div><\/section>\n<div class=\"flex_column av_one_fourth  flex_column_div av-zero-column-padding first  avia-builder-el-4  el_after_av_textblock  el_before_av_one_half  column-top-margin\" style='border-radius:0px; '><\/div><div class=\"flex_column av_one_half  flex_column_div av-zero-column-padding   avia-builder-el-5  el_after_av_one_fourth  el_before_av_one_fourth  column-top-margin\" style='border-radius:0px; '><p><div  class='avia-image-container  av-styling-    avia-builder-el-6  el_before_av_textblock  avia-builder-el-first  avia-align-center '  itemprop=\"image\" itemscope=\"itemscope\" itemtype=\"https:\/\/schema.org\/ImageObject\"  ><div class='avia-image-container-inner'><div class='avia-image-overlay-wrap'><img decoding=\"async\" class='wp-image-21 avia-img-lazy-loading-not-21 avia_image' src=\"https:\/\/lapeintureselonelios.fr\/wp-content\/uploads\/2022\/05\/confidence-7360.jpg\" alt='' title='confidence-7360' height=\"226\" width=\"275\"  itemprop=\"thumbnailUrl\"  \/><\/div><\/div><\/div><br \/>\n<section class=\"av_textblock_section \"  itemscope=\"itemscope\" itemtype=\"https:\/\/schema.org\/CreativeWork\" ><div class='avia_textblock  '  style='font-size:10px; '  itemprop=\"text\" ><p style=\"text-align: center;\">\u00ab\u00a0Confidence\u00a0\u00bb<\/p>\n<\/div><\/section><\/p><\/div><div class=\"flex_column av_one_fourth  flex_column_div av-zero-column-padding   avia-builder-el-8  el_after_av_one_half  el_before_av_hr  column-top-margin\" style='border-radius:0px; '><\/div><div  style='height:30px' class='hr hr-invisible   avia-builder-el-9  el_after_av_one_fourth  el_before_av_textblock '><span class='hr-inner ' ><span class='hr-inner-style'><\/span><\/span><\/div>\n<section class=\"av_textblock_section \"  itemscope=\"itemscope\" itemtype=\"https:\/\/schema.org\/CreativeWork\" ><div class='avia_textblock  '   itemprop=\"text\" ><p style=\"text-align: center;\">Pour voir quelques \u0153uvres d&rsquo;Elios, cliquez sur les th\u00e8mes ci-dessous :<\/p>\n<p style=\"text-align: center;\"><span style=\"color: #000000;\">Accueil<\/span><span style=\"color: #000000;\"> &#8211; <a style=\"color: #000000;\" href=\"http:\/\/lapeintureselonelios.fr\/divers\/\">Divers<\/a> &#8211; <a style=\"color: #000000;\" href=\"http:\/\/lapeintureselonelios.fr\/les-abstraits-delios\/\">Abstrait<\/a> &#8211; <a style=\"color: #000000;\" href=\"http:\/\/lapeintureselonelios.fr\/les-naifs-delios\/\">Na\u00eff<\/a> &#8211; <a style=\"color: #000000;\" href=\"http:\/\/lapeintureselonelios.fr\/les-nus-delios\/\">Nus<\/a> &#8211; <a style=\"color: #000000;\" href=\"http:\/\/lapeintureselonelios.fr\/la-religion-selon-elios\/\">Religieux <\/a>&#8211; <a style=\"color: #000000;\" href=\"http:\/\/lapeintureselonelios.fr\/cubique\/\">Cubique<\/a> &#8211; <a style=\"color: #000000;\" href=\"http:\/\/lapeintureselonelios.fr\/cubique-nu\/\">Cubique Nu<\/a> &#8211; <a style=\"color: #000000;\" href=\"http:\/\/lapeintureselonelios.fr\/cubique-surrealiste\/\">Cubique surr\u00e9aliste<\/a> &#8211; <a style=\"color: #000000;\" href=\"http:\/\/lapeintureselonelios.fr\/figuratif\/\">Figuratif<\/a><\/span><\/p>\n<p style=\"text-align: center;\"><strong>Elios<\/strong> peint en g\u00e9n\u00e9ral sur des toiles 15F (65 x 54 cm), 20F (73 x 60 cm) ou 25F (81 x 65 cm)<\/p>\n<\/div><\/section>\n\n","protected":false},"excerpt":{"rendered":"","protected":false},"author":1,"featured_media":0,"parent":0,"menu_order":0,"comment_status":"closed","ping_status":"closed","template":"","meta":{"footnotes":""},"class_list":["post-2","page","type-page","status-publish","hentry"],"yoast_head":"<!-- This site is optimized with the Yoast SEO plugin v27.4 - https:\/\/yoast.com\/product\/yoast-seo-wordpress\/ -->\n<title>Accueil - La Peinture selon Elios<\/title>\n<meta name=\"robots\" content=\"index, follow, max-snippet:-1, max-image-preview:large, max-video-preview:-1\" \/>\n<link rel=\"canonical\" href=\"https:\/\/lapeintureselonelios.fr\/\" \/>\n<meta property=\"og:locale\" content=\"fr_FR\" \/>\n<meta property=\"og:type\" content=\"article\" \/>\n<meta property=\"og:title\" content=\"Accueil - La Peinture selon Elios\" \/>\n<meta property=\"og:url\" content=\"https:\/\/lapeintureselonelios.fr\/\" \/>\n<meta property=\"og:site_name\" content=\"La Peinture selon Elios\" \/>\n<meta property=\"article:modified_time\" content=\"2022-05-19T07:47:43+00:00\" \/>\n<meta name=\"twitter:card\" content=\"summary_large_image\" \/>\n<meta name=\"twitter:label1\" content=\"Dur\u00e9e de lecture estim\u00e9e\" \/>\n\t<meta name=\"twitter:data1\" content=\"5 minutes\" \/>\n<script type=\"application\/ld+json\" class=\"yoast-schema-graph\">{\"@context\":\"https:\\\/\\\/schema.org\",\"@graph\":[{\"@type\":\"WebPage\",\"@id\":\"https:\\\/\\\/lapeintureselonelios.fr\\\/\",\"url\":\"https:\\\/\\\/lapeintureselonelios.fr\\\/\",\"name\":\"Accueil - La Peinture selon Elios\",\"isPartOf\":{\"@id\":\"https:\\\/\\\/lapeintureselonelios.fr\\\/#website\"},\"datePublished\":\"2016-05-10T03:48:21+00:00\",\"dateModified\":\"2022-05-19T07:47:43+00:00\",\"breadcrumb\":{\"@id\":\"https:\\\/\\\/lapeintureselonelios.fr\\\/#breadcrumb\"},\"inLanguage\":\"fr-FR\",\"potentialAction\":[{\"@type\":\"ReadAction\",\"target\":[\"https:\\\/\\\/lapeintureselonelios.fr\\\/\"]}]},{\"@type\":\"BreadcrumbList\",\"@id\":\"https:\\\/\\\/lapeintureselonelios.fr\\\/#breadcrumb\",\"itemListElement\":[{\"@type\":\"ListItem\",\"position\":1,\"name\":\"Accueil\",\"item\":\"https:\\\/\\\/lapeintureselonelios.fr\\\/\"},{\"@type\":\"ListItem\",\"position\":2,\"name\":\"Accueil\"}]},{\"@type\":\"WebSite\",\"@id\":\"https:\\\/\\\/lapeintureselonelios.fr\\\/#website\",\"url\":\"https:\\\/\\\/lapeintureselonelios.fr\\\/\",\"name\":\"La Peinture selon Elios\",\"description\":\"Peintures contemporaines\",\"potentialAction\":[{\"@type\":\"SearchAction\",\"target\":{\"@type\":\"EntryPoint\",\"urlTemplate\":\"https:\\\/\\\/lapeintureselonelios.fr\\\/?s={search_term_string}\"},\"query-input\":{\"@type\":\"PropertyValueSpecification\",\"valueRequired\":true,\"valueName\":\"search_term_string\"}}],\"inLanguage\":\"fr-FR\"}]}<\/script>\n<!-- \/ Yoast SEO plugin. -->","yoast_head_json":{"title":"Accueil - La Peinture selon Elios","robots":{"index":"index","follow":"follow","max-snippet":"max-snippet:-1","max-image-preview":"max-image-preview:large","max-video-preview":"max-video-preview:-1"},"canonical":"https:\/\/lapeintureselonelios.fr\/","og_locale":"fr_FR","og_type":"article","og_title":"Accueil - La Peinture selon Elios","og_url":"https:\/\/lapeintureselonelios.fr\/","og_site_name":"La Peinture selon Elios","article_modified_time":"2022-05-19T07:47:43+00:00","twitter_card":"summary_large_image","twitter_misc":{"Dur\u00e9e de lecture estim\u00e9e":"5 minutes"},"schema":{"@context":"https:\/\/schema.org","@graph":[{"@type":"WebPage","@id":"https:\/\/lapeintureselonelios.fr\/","url":"https:\/\/lapeintureselonelios.fr\/","name":"Accueil - La Peinture selon Elios","isPartOf":{"@id":"https:\/\/lapeintureselonelios.fr\/#website"},"datePublished":"2016-05-10T03:48:21+00:00","dateModified":"2022-05-19T07:47:43+00:00","breadcrumb":{"@id":"https:\/\/lapeintureselonelios.fr\/#breadcrumb"},"inLanguage":"fr-FR","potentialAction":[{"@type":"ReadAction","target":["https:\/\/lapeintureselonelios.fr\/"]}]},{"@type":"BreadcrumbList","@id":"https:\/\/lapeintureselonelios.fr\/#breadcrumb","itemListElement":[{"@type":"ListItem","position":1,"name":"Accueil","item":"https:\/\/lapeintureselonelios.fr\/"},{"@type":"ListItem","position":2,"name":"Accueil"}]},{"@type":"WebSite","@id":"https:\/\/lapeintureselonelios.fr\/#website","url":"https:\/\/lapeintureselonelios.fr\/","name":"La Peinture selon Elios","description":"Peintures contemporaines","potentialAction":[{"@type":"SearchAction","target":{"@type":"EntryPoint","urlTemplate":"https:\/\/lapeintureselonelios.fr\/?s={search_term_string}"},"query-input":{"@type":"PropertyValueSpecification","valueRequired":true,"valueName":"search_term_string"}}],"inLanguage":"fr-FR"}]}},"_links":{"self":[{"href":"https:\/\/lapeintureselonelios.fr\/index.php?rest_route=\/wp\/v2\/pages\/2","targetHints":{"allow":["GET"]}}],"collection":[{"href":"https:\/\/lapeintureselonelios.fr\/index.php?rest_route=\/wp\/v2\/pages"}],"about":[{"href":"https:\/\/lapeintureselonelios.fr\/index.php?rest_route=\/wp\/v2\/types\/page"}],"author":[{"embeddable":true,"href":"https:\/\/lapeintureselonelios.fr\/index.php?rest_route=\/wp\/v2\/users\/1"}],"replies":[{"embeddable":true,"href":"https:\/\/lapeintureselonelios.fr\/index.php?rest_route=%2Fwp%2Fv2%2Fcomments&post=2"}],"version-history":[{"count":6,"href":"https:\/\/lapeintureselonelios.fr\/index.php?rest_route=\/wp\/v2\/pages\/2\/revisions"}],"predecessor-version":[{"id":152,"href":"https:\/\/lapeintureselonelios.fr\/index.php?rest_route=\/wp\/v2\/pages\/2\/revisions\/152"}],"wp:attachment":[{"href":"https:\/\/lapeintureselonelios.fr\/index.php?rest_route=%2Fwp%2Fv2%2Fmedia&parent=2"}],"curies":[{"name":"wp","href":"https:\/\/api.w.org\/{rel}","templated":true}]}}